{"id":621,"date":"2022-06-26T20:15:47","date_gmt":"2022-06-26T20:15:47","guid":{"rendered":"https:\/\/clinicasaudeoralslz.com.br\/site\/?page_id=621"},"modified":"2023-05-10T18:03:28","modified_gmt":"2023-05-10T18:03:28","slug":"agende-uma-consulta","status":"publish","type":"page","link":"https:\/\/clinicasaudeoralslz.com.br\/site\/agende-uma-consulta\/","title":{"rendered":"Agende uma consulta"},"content":{"rendered":"\t\t<div data-elementor-type=\"wp-page\" data-elementor-id=\"621\" class=\"elementor elementor-621\" data-elementor-settings=\"[]\">\n\t\t\t\t\t\t\t<div class=\"elementor-section-wrap\">\n\t\t\t\t\t\t\t<section class=\"elementor-section elementor-top-section elementor-element elementor-element-31ef99f elementor-section-full_width elementor-section-stretched elementor-section-height-default elementor-section-height-default\" data-id=\"31ef99f\" data-element_type=\"section\" data-settings=\"{&quot;stretch_section&quot;:&quot;section-stretched&quot;}\">\n\t\t\t\t\t\t<div class=\"elementor-container elementor-column-gap-no\">\n\t\t\t\t\t<div class=\"elementor-column elementor-col-100 elementor-top-column elementor-element elementor-element-5905391\" data-id=\"5905391\" data-element_type=\"column\">\n\t\t\t<div class=\"elementor-widget-wrap\">\n\t\t\t\t\t\t\t\t\t<\/div>\n\t\t<\/div>\n\t\t\t\t\t\t\t<\/div>\n\t\t<\/section>\n\t\t\t\t<section class=\"elementor-section elementor-top-section elementor-element elementor-element-b721007 elementor-section-boxed elementor-section-height-default elementor-section-height-default\" data-id=\"b721007\" data-element_type=\"section\">\n\t\t\t\t\t\t<div class=\"elementor-container elementor-column-gap-wide\">\n\t\t\t\t\t<div class=\"elementor-column elementor-col-100 elementor-top-column elementor-element elementor-element-5bdb96b2\" data-id=\"5bdb96b2\" data-element_type=\"column\">\n\t\t\t<div class=\"elementor-widget-wrap elementor-element-populated\">\n\t\t\t\t\t\t\t\t<div class=\"elementor-element elementor-element-1d2b1e2 elementor-widget elementor-widget-heading\" data-id=\"1d2b1e2\" data-element_type=\"widget\" data-widget_type=\"heading.default\">\n\t\t\t\t<div class=\"elementor-widget-container\">\n\t\t\t<h3 class=\"elementor-heading-title elementor-size-large\">AGENDE SUA CONSULTA!<\/h3>\t\t<\/div>\n\t\t\t\t<\/div>\n\t\t\t\t<div class=\"elementor-element elementor-element-5fba28c elementor-button-align-stretch elementor-widget elementor-widget-form\" data-id=\"5fba28c\" data-element_type=\"widget\" data-settings=\"{&quot;step_next_label&quot;:&quot;Next&quot;,&quot;step_previous_label&quot;:&quot;Previous&quot;,&quot;button_width&quot;:&quot;100&quot;,&quot;step_type&quot;:&quot;number_text&quot;,&quot;step_icon_shape&quot;:&quot;circle&quot;}\" data-widget_type=\"form.default\">\n\t\t\t\t<div class=\"elementor-widget-container\">\n\t\t\t\t\t<form class=\"elementor-form\" method=\"post\" name=\"New Form\">\n\t\t\t<input type=\"hidden\" name=\"post_id\" value=\"621\"\/>\n\t\t\t<input type=\"hidden\" name=\"form_id\" value=\"5fba28c\"\/>\n\t\t\t<input type=\"hidden\" name=\"referer_title\" value=\"Cl\u00ednica Sa\u00fade Oral\" \/>\n\n\t\t\t\n\t\t\t<div class=\"ele-extensions-hide-form elementor-form-fields-wrapper elementor-labels-above\">\n\t\t\t\t\t\t\t\t<div class=\"elementor-field-type-text elementor-field-group elementor-column elementor-field-group-nome elementor-col-100\">\n\t\t\t\t\t<input size=\"1\" type=\"text\" name=\"form_fields[nome]\" id=\"form-field-nome\" class=\"elementor-field elementor-size-sm  elementor-field-textual\" placeholder=\"Nome\">\t\t\t\t<\/div>\n\t\t\t\t\t\t\t\t<div class=\"elementor-field-type-email elementor-field-group elementor-column elementor-field-group-email elementor-col-100 elementor-field-required\">\n\t\t\t\t\t<input size=\"1\" type=\"email\" name=\"form_fields[email]\" id=\"form-field-email\" class=\"elementor-field elementor-size-sm  elementor-field-textual\" placeholder=\"Email\" required=\"required\" aria-required=\"true\">\t\t\t\t<\/div>\n\t\t\t\t\t\t\t\t<div class=\"elementor-field-type-number elementor-field-group elementor-column elementor-field-group-telefone elementor-col-100 elementor-field-required\">\n\t\t\t\t\t<input type=\"number\" name=\"form_fields[telefone]\" id=\"form-field-telefone\" class=\"elementor-field elementor-size-sm  elementor-field-textual\" placeholder=\"Telefone\/whatsapp\" required=\"required\" aria-required=\"true\" min=\"\" max=\"\">\t\t\t\t<\/div>\n\t\t\t\t\t\t\t\t<div class=\"elementor-field-type-text elementor-field-group elementor-column elementor-field-group-tipodetratamento elementor-col-100 elementor-field-required\">\n\t\t\t\t\t<input size=\"1\" type=\"text\" name=\"form_fields[tipodetratamento]\" id=\"form-field-tipodetratamento\" class=\"elementor-field elementor-size-sm  elementor-field-textual\" placeholder=\"Tipo de tratamento\" required=\"required\" aria-required=\"true\">\t\t\t\t<\/div>\n\t\t\t\t\t\t\t\t<div class=\"elementor-field-type-text elementor-field-group elementor-column elementor-field-group-horario elementor-col-100 elementor-field-required\">\n\t\t\t\t\t<input size=\"1\" type=\"text\" name=\"form_fields[horario]\" id=\"form-field-horario\" class=\"elementor-field elementor-size-sm  elementor-field-textual\" placeholder=\"Melhor dia e hor\u00e1rio\" required=\"required\" aria-required=\"true\">\t\t\t\t<\/div>\n\t\t\t\t\t\t\t\t<div class=\"elementor-field-type-text elementor-field-group elementor-column elementor-field-group-conhece_clinica elementor-col-100 elementor-field-required\">\n\t\t\t\t\t<input size=\"1\" type=\"text\" name=\"form_fields[conhece_clinica]\" id=\"form-field-conhece_clinica\" class=\"elementor-field elementor-size-sm  elementor-field-textual\" placeholder=\"Voc\u00ea conhece a cl\u00ednica?\" required=\"required\" aria-required=\"true\">\t\t\t\t<\/div>\n\t\t\t\t\t\t\t\t<div class=\"elementor-field-type-textarea elementor-field-group elementor-column elementor-field-group-message elementor-col-100\">\n\t\t\t\t\t<textarea class=\"elementor-field-textual elementor-field  elementor-size-sm\" name=\"form_fields[message]\" id=\"form-field-message\" rows=\"4\" placeholder=\"Mensagem\"><\/textarea>\t\t\t\t<\/div>\n\t\t\t\t\t\t\t\t<div class=\"elementor-field-group elementor-column elementor-field-type-submit elementor-col-100 e-form__buttons\">\n\t\t\t\t\t<button type=\"submit\" class=\"elementor-button elementor-size-sm\">\n\t\t\t\t\t\t<span >\n\t\t\t\t\t\t\t\t\t\t\t\t\t\t\t<span class=\" elementor-button-icon\">\n\t\t\t\t\t\t\t\t\t\t\t\t\t\t\t\t\t\t\t\t\t\t\t\t\t\t<\/span>\n\t\t\t\t\t\t\t\t\t\t\t\t\t\t\t\t\t\t\t\t\t\t<span class=\"elementor-button-text\">Enviar<\/span>\n\t\t\t\t\t\t\t\t\t\t\t\t\t<\/span>\n\t\t\t\t\t<\/button>\n\t\t\t\t<\/div>\n\t\t\t<\/div>\n\t\t<\/form>\n\t\t\t\t<\/div>\n\t\t\t\t<\/div>\n\t\t\t\t<div class=\"elementor-element elementor-element-70cdedb0 elementor-widget elementor-widget-spacer\" data-id=\"70cdedb0\" data-element_type=\"widget\" data-widget_type=\"spacer.default\">\n\t\t\t\t<div class=\"elementor-widget-container\">\n\t\t\t\t\t<div class=\"elementor-spacer\">\n\t\t\t<div class=\"elementor-spacer-inner\"><\/div>\n\t\t<\/div>\n\t\t\t\t<\/div>\n\t\t\t\t<\/div>\n\t\t\t\t<div class=\"elementor-element elementor-element-48e6fda1 elementor-widget elementor-widget-text-editor\" data-id=\"48e6fda1\" data-element_type=\"widget\" data-widget_type=\"text-editor.default\">\n\t\t\t\t<div class=\"elementor-widget-container\">\n\t\t\t\t\t\t\tA SA\u00daDE ORAL SLZ conta com a mais avan\u00e7ada tecnologia\nem tratamentos odontol\u00f3gicos para toda fam\u00edlia.\t\t\t\t\t\t<\/div>\n\t\t\t\t<\/div>\n\t\t\t\t\t<\/div>\n\t\t<\/div>\n\t\t\t\t\t\t\t<\/div>\n\t\t<\/section>\n\t\t\t\t<section class=\"elementor-section elementor-top-section elementor-element elementor-element-53c3786f elementor-section-boxed elementor-section-height-default elementor-section-height-default\" data-id=\"53c3786f\" data-element_type=\"section\" data-settings=\"{&quot;background_background&quot;:&quot;classic&quot;,&quot;shape_divider_top&quot;:&quot;mountains&quot;}\">\n\t\t\t\t\t\t\t<div class=\"elementor-background-overlay\"><\/div>\n\t\t\t\t\t\t<div class=\"elementor-shape elementor-shape-top\" data-negative=\"false\">\n\t\t\t<svg xmlns=\"http:\/\/www.w3.org\/2000\/svg\" viewBox=\"0 0 1000 100\" preserveAspectRatio=\"none\">\n\t<path class=\"elementor-shape-fill\" opacity=\"0.33\" d=\"M473,67.3c-203.9,88.3-263.1-34-320.3,0C66,119.1,0,59.7,0,59.7V0h1000v59.7 c0,0-62.1,26.1-94.9,29.3c-32.8,3.3-62.8-12.3-75.8-22.1C806,49.6,745.3,8.7,694.9,4.7S492.4,59,473,67.3z\"\/>\n\t<path class=\"elementor-shape-fill\" opacity=\"0.66\" d=\"M734,67.3c-45.5,0-77.2-23.2-129.1-39.1c-28.6-8.7-150.3-10.1-254,39.1 s-91.7-34.4-149.2,0C115.7,118.3,0,39.8,0,39.8V0h1000v36.5c0,0-28.2-18.5-92.1-18.5C810.2,18.1,775.7,67.3,734,67.3z\"\/>\n\t<path class=\"elementor-shape-fill\" d=\"M766.1,28.9c-200-57.5-266,65.5-395.1,19.5C242,1.8,242,5.4,184.8,20.6C128,35.8,132.3,44.9,89.9,52.5C28.6,63.7,0,0,0,0 h1000c0,0-9.9,40.9-83.6,48.1S829.6,47,766.1,28.9z\"\/>\n<\/svg>\t\t<\/div>\n\t\t\t\t\t<div class=\"elementor-container elementor-column-gap-default\">\n\t\t\t\t\t<div class=\"elementor-column elementor-col-100 elementor-top-column elementor-element elementor-element-18989e81\" data-id=\"18989e81\" data-element_type=\"column\">\n\t\t\t<div class=\"elementor-widget-wrap elementor-element-populated\">\n\t\t\t\t\t\t\t\t<div class=\"elementor-element elementor-element-735a0daf elementor-widget elementor-widget-menu-anchor\" data-id=\"735a0daf\" data-element_type=\"widget\" data-widget_type=\"menu-anchor.default\">\n\t\t\t\t<div class=\"elementor-widget-container\">\n\t\t\t\t\t<div id=\"contatos\" class=\"elementor-menu-anchor\"><\/div>\n\t\t\t\t<\/div>\n\t\t\t\t<\/div>\n\t\t\t\t<div class=\"elementor-element elementor-element-3baca73d elementor-widget elementor-widget-heading\" data-id=\"3baca73d\" data-element_type=\"widget\" data-widget_type=\"heading.default\">\n\t\t\t\t<div class=\"elementor-widget-container\">\n\t\t\t<h2 class=\"elementor-heading-title elementor-size-large\">Contatos<\/h2>\t\t<\/div>\n\t\t\t\t<\/div>\n\t\t\t\t<div class=\"elementor-element elementor-element-14349185 elementor-widget elementor-widget-text-editor\" data-id=\"14349185\" data-element_type=\"widget\" data-widget_type=\"text-editor.default\">\n\t\t\t\t<div class=\"elementor-widget-container\">\n\t\t\t\t\t\t\tA SA\u00daDE ORAL SLZ est\u00e1 preparada para oferecer tratamentos de pequena, m\u00e9dia e grande complexidades de maneira \u00e9tica e sustent\u00e1vel, viabilizando o tratamento ao seu cliente.\t\t\t\t\t\t<\/div>\n\t\t\t\t<\/div>\n\t\t\t\t<section class=\"elementor-section elementor-inner-section elementor-element elementor-element-2f59c907 elementor-section-boxed elementor-section-height-default elementor-section-height-default\" data-id=\"2f59c907\" data-element_type=\"section\">\n\t\t\t\t\t\t<div class=\"elementor-container elementor-column-gap-no\">\n\t\t\t\t\t<div class=\"elementor-column elementor-col-50 elementor-inner-column elementor-element elementor-element-db7cf48\" data-id=\"db7cf48\" data-element_type=\"column\">\n\t\t\t<div class=\"elementor-widget-wrap elementor-element-populated\">\n\t\t\t\t\t\t\t\t<div class=\"elementor-element elementor-element-d825398 elementor-position-left elementor-view-default elementor-vertical-align-top elementor-widget elementor-widget-icon-box\" data-id=\"d825398\" data-element_type=\"widget\" data-widget_type=\"icon-box.default\">\n\t\t\t\t<div class=\"elementor-widget-container\">\n\t\t\t\t\t<div class=\"elementor-icon-box-wrapper\">\n\t\t\t\t\t\t<div class=\"elementor-icon-box-icon\">\n\t\t\t\t<span class=\"elementor-icon elementor-animation-\" >\n\t\t\t\t<i aria-hidden=\"true\" class=\"far fa-clock\"><\/i>\t\t\t\t<\/span>\n\t\t\t<\/div>\n\t\t\t\t\t\t<div class=\"elementor-icon-box-content\">\n\t\t\t\t<h3 class=\"elementor-icon-box-title\">\n\t\t\t\t\t<span  >\n\t\t\t\t\t\tAtendimento\t\t\t\t\t<\/span>\n\t\t\t\t<\/h3>\n\t\t\t\t\t\t\t\t\t<p class=\"elementor-icon-box-description\">\n\t\t\t\t\t\tSegunda a sexta: 8hs \u00e0s 18hs <br>(Expediente normal)<br>S\u00e1bado - 8hs \u00e0s 12hs\t\t\t\t\t<\/p>\n\t\t\t\t\t\t\t<\/div>\n\t\t<\/div>\n\t\t\t\t<\/div>\n\t\t\t\t<\/div>\n\t\t\t\t<div class=\"elementor-element elementor-element-430e9620 elementor-position-left elementor-view-default elementor-vertical-align-top elementor-widget elementor-widget-icon-box\" data-id=\"430e9620\" data-element_type=\"widget\" data-widget_type=\"icon-box.default\">\n\t\t\t\t<div class=\"elementor-widget-container\">\n\t\t\t\t\t<div class=\"elementor-icon-box-wrapper\">\n\t\t\t\t\t\t<div class=\"elementor-icon-box-icon\">\n\t\t\t\t<span class=\"elementor-icon elementor-animation-\" >\n\t\t\t\t<i aria-hidden=\"true\" class=\"fas fa-map-marker-alt\"><\/i>\t\t\t\t<\/span>\n\t\t\t<\/div>\n\t\t\t\t\t\t<div class=\"elementor-icon-box-content\">\n\t\t\t\t<h3 class=\"elementor-icon-box-title\">\n\t\t\t\t\t<span  >\n\t\t\t\t\t\tEstamos aqui\t\t\t\t\t<\/span>\n\t\t\t\t<\/h3>\n\t\t\t\t\t\t\t\t\t<p class=\"elementor-icon-box-description\">\n\t\t\t\t\t\tAv. Jer\u00f4nimo de Albuquerque, 545 - Sala 16 - Bequim\u00e3o, S\u00e3o Lu\u00eds - MA, 65060-645 <br>Fone:(98) 98258-1000 <br>Email: contato@clinicasaudeoralslz.com.br\t\t\t\t\t<\/p>\n\t\t\t\t\t\t\t<\/div>\n\t\t<\/div>\n\t\t\t\t<\/div>\n\t\t\t\t<\/div>\n\t\t\t\t\t<\/div>\n\t\t<\/div>\n\t\t\t\t<div class=\"elementor-column elementor-col-50 elementor-inner-column elementor-element elementor-element-44a8e21f\" data-id=\"44a8e21f\" data-element_type=\"column\">\n\t\t\t<div class=\"elementor-widget-wrap elementor-element-populated\">\n\t\t\t\t\t\t\t\t<div class=\"elementor-element elementor-element-e7ddd54 elementor-widget elementor-widget-google_maps\" data-id=\"e7ddd54\" data-element_type=\"widget\" data-widget_type=\"google_maps.default\">\n\t\t\t\t<div class=\"elementor-widget-container\">\n\t\t\t\t\t<div class=\"elementor-custom-embed\">\n\t\t\t<iframe frameborder=\"0\" scrolling=\"no\" marginheight=\"0\" marginwidth=\"0\"\n\t\t\t\t\tsrc=\"https:\/\/maps.google.com\/maps?q=Av.%20Jer%C3%B4nimo%20de%20Albuquerque%2C%20545%20-%20Sala%2016%20-%20Bequim%C3%A3o%2C%20S%C3%A3o%20Lu%C3%ADs%20-%20MA%2C%2065060-645&#038;t=m&#038;z=15&#038;output=embed&#038;iwloc=near\"\n\t\t\t\t\ttitle=\"Av. Jer\u00f4nimo de Albuquerque, 545 - Sala 16 - Bequim\u00e3o, S\u00e3o Lu\u00eds - MA, 65060-645\"\n\t\t\t\t\taria-label=\"Av. Jer\u00f4nimo de Albuquerque, 545 - Sala 16 - Bequim\u00e3o, S\u00e3o Lu\u00eds - MA, 65060-645\"\n\t\t\t><\/iframe>\n\t\t<\/div>\n\t\t\t\t<\/div>\n\t\t\t\t<\/div>\n\t\t\t\t\t<\/div>\n\t\t<\/div>\n\t\t\t\t\t\t\t<\/div>\n\t\t<\/section>\n\t\t\t\t\t<\/div>\n\t\t<\/div>\n\t\t\t\t\t\t\t<\/div>\n\t\t<\/section>\n\t\t\t\t\t\t<\/div>\n\t\t\t\t\t<\/div>\n\t\t","protected":false},"excerpt":{"rendered":"<p>AGENDE SUA CONSULTA! A SA\u00daDE ORAL SLZ conta com a mais avan\u00e7ada tecnologia em tratamentos odontol\u00f3gicos para toda fam\u00edlia. Contatos A SA\u00daDE ORAL SLZ est\u00e1 preparada para oferecer tratamentos de pequena, m\u00e9dia e grande complexidades de maneira \u00e9tica e sustent\u00e1vel, viabilizando o tratamento ao seu cliente. Atendimento Segunda a sexta: 8hs \u00e0s 18hs (Expediente normal)S\u00e1bado [&hellip;]<\/p>\n","protected":false},"author":1,"featured_media":0,"parent":0,"menu_order":0,"comment_status":"closed","ping_status":"closed","template":"","meta":{"footnotes":""},"class_list":["post-621","page","type-page","status-publish","hentry","entry"],"yoast_head":"<!-- This site is optimized with the Yoast SEO Premium plugin v17.1.2 (Yoast SEO v17.1) - https:\/\/yoast.com\/wordpress\/plugins\/seo\/ -->\n<title>Cl\u00ednica Sa\u00fade Oral SLZ - Cuidando bem do seu sorriso!<\/title>\n<meta name=\"description\" content=\"oferecemos tratamentos de pequena, m\u00e9dia e grande complexidades de maneira \u00e9tica e sustent\u00e1vel, viabilizando o tratamento ao seu cliente.\" \/>\n<meta name=\"robots\" content=\"index, follow, max-snippet:-1, max-image-preview:large, max-video-preview:-1\" \/>\n<link rel=\"canonical\" href=\"https:\/\/clinicasaudeoralslz.com.br\/site\/agende-uma-consulta\/\" \/>\n<meta property=\"og:locale\" content=\"pt_BR\" \/>\n<meta property=\"og:type\" content=\"article\" \/>\n<meta property=\"og:title\" content=\"Agende uma consulta\" \/>\n<meta property=\"og:description\" content=\"oferecemos tratamentos de pequena, m\u00e9dia e grande complexidades de maneira \u00e9tica e sustent\u00e1vel, viabilizando o tratamento ao seu cliente.\" \/>\n<meta property=\"og:url\" content=\"https:\/\/clinicasaudeoralslz.com.br\/site\/agende-uma-consulta\/\" \/>\n<meta property=\"og:site_name\" content=\"Cl\u00ednica Sa\u00fade Oral\" \/>\n<meta property=\"article:modified_time\" content=\"2023-05-10T18:03:28+00:00\" \/>\n<meta name=\"twitter:card\" content=\"summary_large_image\" \/>\n<meta name=\"twitter:label1\" content=\"Est. tempo de leitura\" \/>\n\t<meta name=\"twitter:data1\" content=\"1 minuto\" \/>\n<script type=\"application\/ld+json\" class=\"yoast-schema-graph\">{\"@context\":\"https:\/\/schema.org\",\"@graph\":[{\"@type\":\"WebSite\",\"@id\":\"https:\/\/clinicasaudeoralslz.com.br\/site\/#website\",\"url\":\"https:\/\/clinicasaudeoralslz.com.br\/site\/\",\"name\":\"Cl\\u00ednica Sa\\u00fade Oral\",\"description\":\"Cuidando bem do seu sorriso!\",\"potentialAction\":[{\"@type\":\"SearchAction\",\"target\":{\"@type\":\"EntryPoint\",\"urlTemplate\":\"https:\/\/clinicasaudeoralslz.com.br\/site\/?s={search_term_string}\"},\"query-input\":\"required name=search_term_string\"}],\"inLanguage\":\"pt-BR\"},{\"@type\":\"WebPage\",\"@id\":\"https:\/\/clinicasaudeoralslz.com.br\/site\/agende-uma-consulta\/#webpage\",\"url\":\"https:\/\/clinicasaudeoralslz.com.br\/site\/agende-uma-consulta\/\",\"name\":\"Cl\\u00ednica Sa\\u00fade Oral SLZ - Cuidando bem do seu sorriso!\",\"isPartOf\":{\"@id\":\"https:\/\/clinicasaudeoralslz.com.br\/site\/#website\"},\"datePublished\":\"2022-06-26T20:15:47+00:00\",\"dateModified\":\"2023-05-10T18:03:28+00:00\",\"description\":\"oferecemos tratamentos de pequena, m\\u00e9dia e grande complexidades de maneira \\u00e9tica e sustent\\u00e1vel, viabilizando o tratamento ao seu cliente.\",\"breadcrumb\":{\"@id\":\"https:\/\/clinicasaudeoralslz.com.br\/site\/agende-uma-consulta\/#breadcrumb\"},\"inLanguage\":\"pt-BR\",\"potentialAction\":[{\"@type\":\"ReadAction\",\"target\":[\"https:\/\/clinicasaudeoralslz.com.br\/site\/agende-uma-consulta\/\"]}]},{\"@type\":\"BreadcrumbList\",\"@id\":\"https:\/\/clinicasaudeoralslz.com.br\/site\/agende-uma-consulta\/#breadcrumb\",\"itemListElement\":[{\"@type\":\"ListItem\",\"position\":1,\"name\":\"Home\",\"item\":\"https:\/\/clinicasaudeoralslz.com.br\/site\/\"},{\"@type\":\"ListItem\",\"position\":2,\"name\":\"Agende uma consulta\"}]}]}<\/script>\n<!-- \/ Yoast SEO Premium plugin. -->","yoast_head_json":{"title":"Cl\u00ednica Sa\u00fade Oral SLZ - Cuidando bem do seu sorriso!","description":"oferecemos tratamentos de pequena, m\u00e9dia e grande complexidades de maneira \u00e9tica e sustent\u00e1vel, viabilizando o tratamento ao seu cliente.","robots":{"index":"index","follow":"follow","max-snippet":"max-snippet:-1","max-image-preview":"max-image-preview:large","max-video-preview":"max-video-preview:-1"},"canonical":"https:\/\/clinicasaudeoralslz.com.br\/site\/agende-uma-consulta\/","og_locale":"pt_BR","og_type":"article","og_title":"Agende uma consulta","og_description":"oferecemos tratamentos de pequena, m\u00e9dia e grande complexidades de maneira \u00e9tica e sustent\u00e1vel, viabilizando o tratamento ao seu cliente.","og_url":"https:\/\/clinicasaudeoralslz.com.br\/site\/agende-uma-consulta\/","og_site_name":"Cl\u00ednica Sa\u00fade Oral","article_modified_time":"2023-05-10T18:03:28+00:00","twitter_card":"summary_large_image","twitter_misc":{"Est. tempo de leitura":"1 minuto"},"schema":{"@context":"https:\/\/schema.org","@graph":[{"@type":"WebSite","@id":"https:\/\/clinicasaudeoralslz.com.br\/site\/#website","url":"https:\/\/clinicasaudeoralslz.com.br\/site\/","name":"Cl\u00ednica Sa\u00fade Oral","description":"Cuidando bem do seu sorriso!","potentialAction":[{"@type":"SearchAction","target":{"@type":"EntryPoint","urlTemplate":"https:\/\/clinicasaudeoralslz.com.br\/site\/?s={search_term_string}"},"query-input":"required name=search_term_string"}],"inLanguage":"pt-BR"},{"@type":"WebPage","@id":"https:\/\/clinicasaudeoralslz.com.br\/site\/agende-uma-consulta\/#webpage","url":"https:\/\/clinicasaudeoralslz.com.br\/site\/agende-uma-consulta\/","name":"Cl\u00ednica Sa\u00fade Oral SLZ - Cuidando bem do seu sorriso!","isPartOf":{"@id":"https:\/\/clinicasaudeoralslz.com.br\/site\/#website"},"datePublished":"2022-06-26T20:15:47+00:00","dateModified":"2023-05-10T18:03:28+00:00","description":"oferecemos tratamentos de pequena, m\u00e9dia e grande complexidades de maneira \u00e9tica e sustent\u00e1vel, viabilizando o tratamento ao seu cliente.","breadcrumb":{"@id":"https:\/\/clinicasaudeoralslz.com.br\/site\/agende-uma-consulta\/#breadcrumb"},"inLanguage":"pt-BR","potentialAction":[{"@type":"ReadAction","target":["https:\/\/clinicasaudeoralslz.com.br\/site\/agende-uma-consulta\/"]}]},{"@type":"BreadcrumbList","@id":"https:\/\/clinicasaudeoralslz.com.br\/site\/agende-uma-consulta\/#breadcrumb","itemListElement":[{"@type":"ListItem","position":1,"name":"Home","item":"https:\/\/clinicasaudeoralslz.com.br\/site\/"},{"@type":"ListItem","position":2,"name":"Agende uma consulta"}]}]}},"_links":{"self":[{"href":"https:\/\/clinicasaudeoralslz.com.br\/site\/wp-json\/wp\/v2\/pages\/621","targetHints":{"allow":["GET"]}}],"collection":[{"href":"https:\/\/clinicasaudeoralslz.com.br\/site\/wp-json\/wp\/v2\/pages"}],"about":[{"href":"https:\/\/clinicasaudeoralslz.com.br\/site\/wp-json\/wp\/v2\/types\/page"}],"author":[{"embeddable":true,"href":"https:\/\/clinicasaudeoralslz.com.br\/site\/wp-json\/wp\/v2\/users\/1"}],"replies":[{"embeddable":true,"href":"https:\/\/clinicasaudeoralslz.com.br\/site\/wp-json\/wp\/v2\/comments?post=621"}],"version-history":[{"count":42,"href":"https:\/\/clinicasaudeoralslz.com.br\/site\/wp-json\/wp\/v2\/pages\/621\/revisions"}],"predecessor-version":[{"id":883,"href":"https:\/\/clinicasaudeoralslz.com.br\/site\/wp-json\/wp\/v2\/pages\/621\/revisions\/883"}],"wp:attachment":[{"href":"https:\/\/clinicasaudeoralslz.com.br\/site\/wp-json\/wp\/v2\/media?parent=621"}],"curies":[{"name":"wp","href":"https:\/\/api.w.org\/{rel}","templated":true}]}}