{"id":446,"date":"2021-07-19T12:06:49","date_gmt":"2021-07-19T12:06:49","guid":{"rendered":"https:\/\/clinicasaudeoralslz.com.br\/site\/?page_id=446"},"modified":"2022-06-26T20:51:19","modified_gmt":"2022-06-26T20:51:19","slug":"quem-somos","status":"publish","type":"page","link":"https:\/\/clinicasaudeoralslz.com.br\/site\/quem-somos\/","title":{"rendered":"Quem somos"},"content":{"rendered":"\t\t<div data-elementor-type=\"wp-page\" data-elementor-id=\"446\" class=\"elementor elementor-446\" data-elementor-settings=\"[]\">\n\t\t\t\t\t\t\t<div class=\"elementor-section-wrap\">\n\t\t\t\t\t\t\t<section class=\"elementor-section elementor-top-section elementor-element elementor-element-984765 elementor-section-boxed elementor-section-height-default elementor-section-height-default\" data-id=\"984765\" data-element_type=\"section\">\n\t\t\t\t\t\t<div class=\"elementor-container elementor-column-gap-wide\">\n\t\t\t\t\t<div class=\"elementor-column elementor-col-100 elementor-top-column elementor-element elementor-element-383c2fc0\" data-id=\"383c2fc0\" data-element_type=\"column\">\n\t\t\t<div class=\"elementor-widget-wrap elementor-element-populated\">\n\t\t\t\t\t\t\t\t<section class=\"elementor-section elementor-inner-section elementor-element elementor-element-f50a39a elementor-section-boxed elementor-section-height-default elementor-section-height-default\" data-id=\"f50a39a\" data-element_type=\"section\">\n\t\t\t\t\t\t<div class=\"elementor-container elementor-column-gap-default\">\n\t\t\t\t\t<div class=\"elementor-column elementor-col-100 elementor-inner-column elementor-element elementor-element-1fee2b4\" data-id=\"1fee2b4\" data-element_type=\"column\">\n\t\t\t<div class=\"elementor-widget-wrap elementor-element-populated\">\n\t\t\t\t\t\t\t\t<div class=\"elementor-element elementor-element-697dd32a elementor-widget elementor-widget-heading\" data-id=\"697dd32a\" data-element_type=\"widget\" data-widget_type=\"heading.default\">\n\t\t\t\t<div class=\"elementor-widget-container\">\n\t\t\t<h3 class=\"elementor-heading-title elementor-size-large\">QUEM SOMOS<\/h3>\t\t<\/div>\n\t\t\t\t<\/div>\n\t\t\t\t<div class=\"elementor-element elementor-element-0ce61cf elementor-widget elementor-widget-text-editor\" data-id=\"0ce61cf\" data-element_type=\"widget\" data-widget_type=\"text-editor.default\">\n\t\t\t\t<div class=\"elementor-widget-container\">\n\t\t\t\t\t\t\t<p>A Cl\u00ednica Sa\u00fade Oral est\u00e1 no mercado desde 2010, tendo sempre como princ\u00edpios um atendimento diferenciado, individualizado e humanizado, este \u00e9 o nosso maior orgulho. O quadro de cirurgi\u00f5es-dentistas conta com profissionais experientes e altamente qualificados, permanentemente atualizados com os constantes avan\u00e7os da odontologia, atendemos todas as especialidades: Endodontia, Odontopediatria, Implantodontia, Ortodontia, Dent\u00edstica, Pr\u00f3tese Dent\u00e1ria, Bucomaxilofacial e Hamoniza\u00e7\u00e3o facial.<\/p>\t\t\t\t\t\t<\/div>\n\t\t\t\t<\/div>\n\t\t\t\t\t<\/div>\n\t\t<\/div>\n\t\t\t\t\t\t\t<\/div>\n\t\t<\/section>\n\t\t\t\t\t<\/div>\n\t\t<\/div>\n\t\t\t\t\t\t\t<\/div>\n\t\t<\/section>\n\t\t\t\t<section class=\"elementor-section elementor-top-section elementor-element elementor-element-b351837 elementor-section-boxed elementor-section-height-default elementor-section-height-default\" data-id=\"b351837\" data-element_type=\"section\">\n\t\t\t\t\t\t<div class=\"elementor-container elementor-column-gap-default\">\n\t\t\t\t\t<div class=\"elementor-column elementor-col-100 elementor-top-column elementor-element elementor-element-69bffeb\" data-id=\"69bffeb\" data-element_type=\"column\">\n\t\t\t<div class=\"elementor-widget-wrap elementor-element-populated\">\n\t\t\t\t\t\t\t\t<div class=\"elementor-element elementor-element-2ca505e elementor-widget elementor-widget-html\" data-id=\"2ca505e\" data-element_type=\"widget\" data-widget_type=\"html.default\">\n\t\t\t\t<div class=\"elementor-widget-container\">\n\t\t\t<div data-mc-src=\"21f4a828-01a4-4069-bd0f-7c3e2224668a#instagram\"><\/div>\r\n        \r\n<script \r\n  src=\"https:\/\/cdn2.woxo.tech\/a.js#62b8841a57c0c20021fb1c7e\" \r\n  async data-usrc>\r\n<\/script>\t\t<\/div>\n\t\t\t\t<\/div>\n\t\t\t\t<div class=\"elementor-element elementor-element-80056d8 elementor-widget-divider--view-line elementor-widget elementor-widget-divider\" data-id=\"80056d8\" data-element_type=\"widget\" data-widget_type=\"divider.default\">\n\t\t\t\t<div class=\"elementor-widget-container\">\n\t\t\t\t\t<div class=\"elementor-divider\">\n\t\t\t<span class=\"elementor-divider-separator\">\n\t\t\t\t\t\t<\/span>\n\t\t<\/div>\n\t\t\t\t<\/div>\n\t\t\t\t<\/div>\n\t\t\t\t\t<\/div>\n\t\t<\/div>\n\t\t\t\t\t\t\t<\/div>\n\t\t<\/section>\n\t\t\t\t\t\t<\/div>\n\t\t\t\t\t<\/div>\n\t\t","protected":false},"excerpt":{"rendered":"<p>QUEM SOMOS A Cl\u00ednica Sa\u00fade Oral est\u00e1 no mercado desde 2010, tendo sempre como princ\u00edpios um atendimento diferenciado, individualizado e humanizado, este \u00e9 o nosso maior orgulho. O quadro de cirurgi\u00f5es-dentistas conta com profissionais experientes e altamente qualificados, permanentemente atualizados com os constantes avan\u00e7os da odontologia, atendemos todas as especialidades: Endodontia, Odontopediatria, Implantodontia, Ortodontia, Dent\u00edstica, [&hellip;]<\/p>\n","protected":false},"author":1,"featured_media":0,"parent":0,"menu_order":0,"comment_status":"closed","ping_status":"closed","template":"","meta":{"footnotes":""},"class_list":["post-446","page","type-page","status-publish","hentry","entry"],"yoast_head":"<!-- This site is optimized with the Yoast SEO Premium plugin v17.1.2 (Yoast SEO v17.1) - https:\/\/yoast.com\/wordpress\/plugins\/seo\/ -->\n<title>Quem somos - Cl\u00ednica Sa\u00fade Oral<\/title>\n<meta name=\"robots\" content=\"index, follow, max-snippet:-1, max-image-preview:large, max-video-preview:-1\" \/>\n<link rel=\"canonical\" href=\"https:\/\/clinicasaudeoralslz.com.br\/site\/quem-somos\/\" \/>\n<meta property=\"og:locale\" content=\"pt_BR\" \/>\n<meta property=\"og:type\" content=\"article\" \/>\n<meta property=\"og:title\" content=\"Quem somos\" \/>\n<meta property=\"og:description\" content=\"QUEM SOMOS A Cl\u00ednica Sa\u00fade Oral est\u00e1 no mercado desde 2010, tendo sempre como princ\u00edpios um atendimento diferenciado, individualizado e humanizado, este \u00e9 o nosso maior orgulho. O quadro de cirurgi\u00f5es-dentistas conta com profissionais experientes e altamente qualificados, permanentemente atualizados com os constantes avan\u00e7os da odontologia, atendemos todas as especialidades: Endodontia, Odontopediatria, Implantodontia, Ortodontia, Dent\u00edstica, [&hellip;]\" \/>\n<meta property=\"og:url\" content=\"https:\/\/clinicasaudeoralslz.com.br\/site\/quem-somos\/\" \/>\n<meta property=\"og:site_name\" content=\"Cl\u00ednica Sa\u00fade Oral\" \/>\n<meta property=\"article:modified_time\" content=\"2022-06-26T20:51:19+00:00\" \/>\n<meta name=\"twitter:card\" content=\"summary_large_image\" \/>\n<meta name=\"twitter:label1\" content=\"Est. tempo de leitura\" \/>\n\t<meta name=\"twitter:data1\" content=\"1 minuto\" \/>\n<script type=\"application\/ld+json\" class=\"yoast-schema-graph\">{\"@context\":\"https:\/\/schema.org\",\"@graph\":[{\"@type\":\"WebSite\",\"@id\":\"https:\/\/clinicasaudeoralslz.com.br\/site\/#website\",\"url\":\"https:\/\/clinicasaudeoralslz.com.br\/site\/\",\"name\":\"Cl\\u00ednica Sa\\u00fade Oral\",\"description\":\"Cuidando bem do seu sorriso!\",\"potentialAction\":[{\"@type\":\"SearchAction\",\"target\":{\"@type\":\"EntryPoint\",\"urlTemplate\":\"https:\/\/clinicasaudeoralslz.com.br\/site\/?s={search_term_string}\"},\"query-input\":\"required name=search_term_string\"}],\"inLanguage\":\"pt-BR\"},{\"@type\":\"WebPage\",\"@id\":\"https:\/\/clinicasaudeoralslz.com.br\/site\/quem-somos\/#webpage\",\"url\":\"https:\/\/clinicasaudeoralslz.com.br\/site\/quem-somos\/\",\"name\":\"Quem somos - Cl\\u00ednica Sa\\u00fade Oral\",\"isPartOf\":{\"@id\":\"https:\/\/clinicasaudeoralslz.com.br\/site\/#website\"},\"datePublished\":\"2021-07-19T12:06:49+00:00\",\"dateModified\":\"2022-06-26T20:51:19+00:00\",\"breadcrumb\":{\"@id\":\"https:\/\/clinicasaudeoralslz.com.br\/site\/quem-somos\/#breadcrumb\"},\"inLanguage\":\"pt-BR\",\"potentialAction\":[{\"@type\":\"ReadAction\",\"target\":[\"https:\/\/clinicasaudeoralslz.com.br\/site\/quem-somos\/\"]}]},{\"@type\":\"BreadcrumbList\",\"@id\":\"https:\/\/clinicasaudeoralslz.com.br\/site\/quem-somos\/#breadcrumb\",\"itemListElement\":[{\"@type\":\"ListItem\",\"position\":1,\"name\":\"Home\",\"item\":\"https:\/\/clinicasaudeoralslz.com.br\/site\/\"},{\"@type\":\"ListItem\",\"position\":2,\"name\":\"Quem somos\"}]}]}<\/script>\n<!-- \/ Yoast SEO Premium plugin. -->","yoast_head_json":{"title":"Quem somos - Cl\u00ednica Sa\u00fade Oral","robots":{"index":"index","follow":"follow","max-snippet":"max-snippet:-1","max-image-preview":"max-image-preview:large","max-video-preview":"max-video-preview:-1"},"canonical":"https:\/\/clinicasaudeoralslz.com.br\/site\/quem-somos\/","og_locale":"pt_BR","og_type":"article","og_title":"Quem somos","og_description":"QUEM SOMOS A Cl\u00ednica Sa\u00fade Oral est\u00e1 no mercado desde 2010, tendo sempre como princ\u00edpios um atendimento diferenciado, individualizado e humanizado, este \u00e9 o nosso maior orgulho. O quadro de cirurgi\u00f5es-dentistas conta com profissionais experientes e altamente qualificados, permanentemente atualizados com os constantes avan\u00e7os da odontologia, atendemos todas as especialidades: Endodontia, Odontopediatria, Implantodontia, Ortodontia, Dent\u00edstica, [&hellip;]","og_url":"https:\/\/clinicasaudeoralslz.com.br\/site\/quem-somos\/","og_site_name":"Cl\u00ednica Sa\u00fade Oral","article_modified_time":"2022-06-26T20:51:19+00:00","twitter_card":"summary_large_image","twitter_misc":{"Est. tempo de leitura":"1 minuto"},"schema":{"@context":"https:\/\/schema.org","@graph":[{"@type":"WebSite","@id":"https:\/\/clinicasaudeoralslz.com.br\/site\/#website","url":"https:\/\/clinicasaudeoralslz.com.br\/site\/","name":"Cl\u00ednica Sa\u00fade Oral","description":"Cuidando bem do seu sorriso!","potentialAction":[{"@type":"SearchAction","target":{"@type":"EntryPoint","urlTemplate":"https:\/\/clinicasaudeoralslz.com.br\/site\/?s={search_term_string}"},"query-input":"required name=search_term_string"}],"inLanguage":"pt-BR"},{"@type":"WebPage","@id":"https:\/\/clinicasaudeoralslz.com.br\/site\/quem-somos\/#webpage","url":"https:\/\/clinicasaudeoralslz.com.br\/site\/quem-somos\/","name":"Quem somos - Cl\u00ednica Sa\u00fade Oral","isPartOf":{"@id":"https:\/\/clinicasaudeoralslz.com.br\/site\/#website"},"datePublished":"2021-07-19T12:06:49+00:00","dateModified":"2022-06-26T20:51:19+00:00","breadcrumb":{"@id":"https:\/\/clinicasaudeoralslz.com.br\/site\/quem-somos\/#breadcrumb"},"inLanguage":"pt-BR","potentialAction":[{"@type":"ReadAction","target":["https:\/\/clinicasaudeoralslz.com.br\/site\/quem-somos\/"]}]},{"@type":"BreadcrumbList","@id":"https:\/\/clinicasaudeoralslz.com.br\/site\/quem-somos\/#breadcrumb","itemListElement":[{"@type":"ListItem","position":1,"name":"Home","item":"https:\/\/clinicasaudeoralslz.com.br\/site\/"},{"@type":"ListItem","position":2,"name":"Quem somos"}]}]}},"_links":{"self":[{"href":"https:\/\/clinicasaudeoralslz.com.br\/site\/wp-json\/wp\/v2\/pages\/446","targetHints":{"allow":["GET"]}}],"collection":[{"href":"https:\/\/clinicasaudeoralslz.com.br\/site\/wp-json\/wp\/v2\/pages"}],"about":[{"href":"https:\/\/clinicasaudeoralslz.com.br\/site\/wp-json\/wp\/v2\/types\/page"}],"author":[{"embeddable":true,"href":"https:\/\/clinicasaudeoralslz.com.br\/site\/wp-json\/wp\/v2\/users\/1"}],"replies":[{"embeddable":true,"href":"https:\/\/clinicasaudeoralslz.com.br\/site\/wp-json\/wp\/v2\/comments?post=446"}],"version-history":[{"count":12,"href":"https:\/\/clinicasaudeoralslz.com.br\/site\/wp-json\/wp\/v2\/pages\/446\/revisions"}],"predecessor-version":[{"id":642,"href":"https:\/\/clinicasaudeoralslz.com.br\/site\/wp-json\/wp\/v2\/pages\/446\/revisions\/642"}],"wp:attachment":[{"href":"https:\/\/clinicasaudeoralslz.com.br\/site\/wp-json\/wp\/v2\/media?parent=446"}],"curies":[{"name":"wp","href":"https:\/\/api.w.org\/{rel}","templated":true}]}}